{"id":3973,"date":"2024-07-30T08:32:40","date_gmt":"2024-07-30T08:32:40","guid":{"rendered":"https:\/\/stagingtasarlabv2.bootests.com\/blog\/"},"modified":"2024-09-23T12:37:49","modified_gmt":"2024-09-23T12:37:49","slug":"blog","status":"publish","type":"page","link":"https:\/\/tasarlab.com\/en\/blog\/","title":{"rendered":"Blog"},"content":{"rendered":"\r\n    <section class=\"blog blog-listing-content proje-blog-page\">\r\n        <div class=\"container\">\r\n            <div class=\"row dropdown\" id=\"dropdown\">\r\n                <div class=\"col-12 text-center\">\r\n                    <div class=\"dropdown\">\r\n                        <button class=\"dropdown-toggle\" type=\"button\" data-bs-toggle=\"dropdown\" aria-expanded=\"false\">\r\n                         Select Topic\r\n                        <\/button>\r\n                        <ul class=\"dropdown-menu\">\r\n                            <li><a class=\"dropdown-item\" href=\"https:\/\/tasarlab.com\/en\/content-marketing\/\">Content Marketing<\/a><\/li><li><a class=\"dropdown-item\" href=\"https:\/\/tasarlab.com\/en\/corporate-blogs\/\">Corporate Blog<\/a><\/li><li><a class=\"dropdown-item\" href=\"https:\/\/tasarlab.com\/en\/front-end\/\">Front-end<\/a><\/li><li><a class=\"dropdown-item\" href=\"https:\/\/tasarlab.com\/en\/ui-ux\/\">UI \/ UX<\/a><\/li><li><a class=\"dropdown-item\" href=\"https:\/\/tasarlab.com\/en\/wordpress\/\">WordPress<\/a><\/li><li><a class=\"dropdown-item\" href=\"https:\/\/tasarlab.com\/en\/wordpress-gutenberg\/\">WordPress Gutenberg<\/a><\/li><li><a class=\"dropdown-item\" href=\"https:\/\/tasarlab.com\/en\/wordpress-security\/\">WordPress Security<\/a><\/li><li><a class=\"dropdown-item\" href=\"https:\/\/tasarlab.com\/en\/wordpress-themes\/\">WordPress Themes<\/a><\/li>\r\n                        <\/ul>\r\n                    <\/div>\r\n                <\/div>\r\n            <\/div>\r\n            <div class=\"row gx-3 gy-40\">\r\n                \r\n            <div class=\"col-md-6 col-lg-4\">\r\n                <div class=\"card\">\r\n                    <div class=\"card-img\">\r\n                        <a href=\"https:\/\/tasarlab.com\/en\/what-is-robots-txt-and-how-do-you-use-it\/\"><img decoding=\"async\" src=\"https:\/\/tasarlab.com\/wp-content\/uploads\/2023\/11\/robots-txt-image-1.webp\" class=\"w-100 h-100\" alt=\"\"><\/a>\r\n                    <\/div>\r\n                    <div class=\"card-body\">\r\n                        <span class=\"card-info\">WordPress<\/span>\r\n                        <h3 class=\"card-title\"><a href=\"https:\/\/tasarlab.com\/en\/what-is-robots-txt-and-how-do-you-use-it\/\">What Is Robots.txt and How Do You Use It?<\/a><\/h3>\r\n                        <p class=\"card-text\">Robots.txt, web sitenizin arama motorlar\u0131 taraf\u0131ndan taranabilirli\u011fini ve indekslenmesini y\u00f6nlendiren\u2026<\/p>\r\n                        <div class=\"card-link card-type-1\">\r\n                            <a href=\"https:\/\/tasarlab.com\/en\/what-is-robots-txt-and-how-do-you-use-it\/\"><span>Review in Detail<\/span>\r\n                                <img decoding=\"async\" src=\"\/wp-content\/themes\/tasarlab\/img\/Blog\/arrow-top-right.svg\" class=\"d-lg-inline-flex\" alt=\"\">\r\n                            <\/a>\r\n                        <\/div>\r\n                    <\/div>\r\n                <\/div>\r\n            <\/div>\r\n        \r\n            <div class=\"col-md-6 col-lg-4\">\r\n                <div class=\"card\">\r\n                    <div class=\"card-img\">\r\n                        <a href=\"https:\/\/tasarlab.com\/en\/what-is-a-sitemap\/\"><img decoding=\"async\" src=\"https:\/\/tasarlab.com\/wp-content\/uploads\/2023\/11\/site-haritasi-sitemap-nedir-1.webp\" class=\"w-100 h-100\" alt=\"\"><\/a>\r\n                    <\/div>\r\n                    <div class=\"card-body\">\r\n                        <span class=\"card-info\">WordPress<\/span>\r\n                        <h3 class=\"card-title\"><a href=\"https:\/\/tasarlab.com\/en\/what-is-a-sitemap\/\">What Is a Sitemap?<\/a><\/h3>\r\n                        <p class=\"card-text\">A sitemap is a file that lists a website\u2019s entire\u2026<\/p>\r\n                        <div class=\"card-link card-type-1\">\r\n                            <a href=\"https:\/\/tasarlab.com\/en\/what-is-a-sitemap\/\"><span>Review in Detail<\/span>\r\n                                <img decoding=\"async\" src=\"\/wp-content\/themes\/tasarlab\/img\/Blog\/arrow-top-right.svg\" class=\"d-lg-inline-flex\" alt=\"\">\r\n                            <\/a>\r\n                        <\/div>\r\n                    <\/div>\r\n                <\/div>\r\n            <\/div>\r\n        \r\n            <div class=\"col-md-6 col-lg-4\">\r\n                <div class=\"card\">\r\n                    <div class=\"card-img\">\r\n                        <a href=\"https:\/\/tasarlab.com\/en\/7-most-popular-seo-plugins-of-2023\/\"><img decoding=\"async\" src=\"https:\/\/tasarlab.com\/wp-content\/uploads\/2023\/10\/en-cok-kullanilan-7-seo-eklentisi-img.webp\" class=\"w-100 h-100\" alt=\"\"><\/a>\r\n                    <\/div>\r\n                    <div class=\"card-body\">\r\n                        <span class=\"card-info\">WordPress<\/span>\r\n                        <h3 class=\"card-title\"><a href=\"https:\/\/tasarlab.com\/en\/7-most-popular-seo-plugins-of-2023\/\">7 Most Popular SEO Plugins of 2023<\/a><\/h3>\r\n                        <p class=\"card-text\">SEO (Search Engine Optimization) is a set of technical and\u2026<\/p>\r\n                        <div class=\"card-link card-type-1\">\r\n                            <a href=\"https:\/\/tasarlab.com\/en\/7-most-popular-seo-plugins-of-2023\/\"><span>Review in Detail<\/span>\r\n                                <img decoding=\"async\" src=\"\/wp-content\/themes\/tasarlab\/img\/Blog\/arrow-top-right.svg\" class=\"d-lg-inline-flex\" alt=\"\">\r\n                            <\/a>\r\n                        <\/div>\r\n                    <\/div>\r\n                <\/div>\r\n            <\/div>\r\n        \r\n            <div class=\"col-md-6 col-lg-4\">\r\n                <div class=\"card\">\r\n                    <div class=\"card-img\">\r\n                        <a href=\"https:\/\/tasarlab.com\/en\/wordpress-updates-why-you-should-keep-them-up-to-date-and-how-to-do-it\/\"><img decoding=\"async\" src=\"https:\/\/tasarlab.com\/wp-content\/uploads\/2023\/09\/WordPress_Update.png\" class=\"w-100 h-100\" alt=\"\"><\/a>\r\n                    <\/div>\r\n                    <div class=\"card-body\">\r\n                        <span class=\"card-info\">WordPress Security<\/span>\r\n                        <h3 class=\"card-title\"><a href=\"https:\/\/tasarlab.com\/en\/wordpress-updates-why-you-should-keep-them-up-to-date-and-how-to-do-it\/\">WordPress Updates: Why You Should Keep Them Up to Date\u2026<\/a><\/h3>\r\n                        <p class=\"card-text\">WordPress is one of the most popular Content Management Systems\u2026<\/p>\r\n                        <div class=\"card-link card-type-1\">\r\n                            <a href=\"https:\/\/tasarlab.com\/en\/wordpress-updates-why-you-should-keep-them-up-to-date-and-how-to-do-it\/\"><span>Review in Detail<\/span>\r\n                                <img decoding=\"async\" src=\"\/wp-content\/themes\/tasarlab\/img\/Blog\/arrow-top-right.svg\" class=\"d-lg-inline-flex\" alt=\"\">\r\n                            <\/a>\r\n                        <\/div>\r\n                    <\/div>\r\n                <\/div>\r\n            <\/div>\r\n        \r\n            <div class=\"col-md-6 col-lg-4\">\r\n                <div class=\"card\">\r\n                    <div class=\"card-img\">\r\n                        <a href=\"https:\/\/tasarlab.com\/en\/how-do-you-fix-ssl-errors-using-acme-sh\/\"><img decoding=\"async\" src=\"https:\/\/tasarlab.com\/wp-content\/uploads\/2023\/09\/ssl-yonetimi.jpg\" class=\"w-100 h-100\" alt=\"\"><\/a>\r\n                    <\/div>\r\n                    <div class=\"card-body\">\r\n                        <span class=\"card-info\">WordPress Security<\/span>\r\n                        <h3 class=\"card-title\"><a href=\"https:\/\/tasarlab.com\/en\/how-do-you-fix-ssl-errors-using-acme-sh\/\">How Do You Fix SSL Errors Using Acme.sh?<\/a><\/h3>\r\n                        <p class=\"card-text\">SSL\/TLS certificates are used to secure websites and ensure that\u2026<\/p>\r\n                        <div class=\"card-link card-type-1\">\r\n                            <a href=\"https:\/\/tasarlab.com\/en\/how-do-you-fix-ssl-errors-using-acme-sh\/\"><span>Review in Detail<\/span>\r\n                                <img decoding=\"async\" src=\"\/wp-content\/themes\/tasarlab\/img\/Blog\/arrow-top-right.svg\" class=\"d-lg-inline-flex\" alt=\"\">\r\n                            <\/a>\r\n                        <\/div>\r\n                    <\/div>\r\n                <\/div>\r\n            <\/div>\r\n        \r\n            <div class=\"col-md-6 col-lg-4\">\r\n                <div class=\"card\">\r\n                    <div class=\"card-img\">\r\n                        <a href=\"https:\/\/tasarlab.com\/en\/sitemap-xml-issue-and-solution\/\"><img decoding=\"async\" src=\"https:\/\/tasarlab.com\/wp-content\/uploads\/2023\/08\/sitemap-xml-img.jpg\" class=\"w-100 h-100\" alt=\"\"><\/a>\r\n                    <\/div>\r\n                    <div class=\"card-body\">\r\n                        <span class=\"card-info\">WordPress<\/span>\r\n                        <h3 class=\"card-title\"><a href=\"https:\/\/tasarlab.com\/en\/sitemap-xml-issue-and-solution\/\">Sitemap.xml Issue and Solution<\/a><\/h3>\r\n                        <p class=\"card-text\">What is a Sitemap? A sitemap is a critical tool\u2026<\/p>\r\n                        <div class=\"card-link card-type-1\">\r\n                            <a href=\"https:\/\/tasarlab.com\/en\/sitemap-xml-issue-and-solution\/\"><span>Review in Detail<\/span>\r\n                                <img decoding=\"async\" src=\"\/wp-content\/themes\/tasarlab\/img\/Blog\/arrow-top-right.svg\" class=\"d-lg-inline-flex\" alt=\"\">\r\n                            <\/a>\r\n                        <\/div>\r\n                    <\/div>\r\n                <\/div>\r\n            <\/div>\r\n        \r\n            <div class=\"col-md-6 col-lg-4\">\r\n                <div class=\"card\">\r\n                    <div class=\"card-img\">\r\n                        <a href=\"https:\/\/tasarlab.com\/en\/modern-methods-in-responsive-front-end-development-1\/\"><img decoding=\"async\" src=\"https:\/\/tasarlab.com\/wp-content\/uploads\/2023\/07\/responsive-front-end-gelistirmede-modern-yontemler-1-image.jpg\" class=\"w-100 h-100\" alt=\"\"><\/a>\r\n                    <\/div>\r\n                    <div class=\"card-body\">\r\n                        <span class=\"card-info\">Front-end<\/span>\r\n                        <h3 class=\"card-title\"><a href=\"https:\/\/tasarlab.com\/en\/modern-methods-in-responsive-front-end-development-1\/\">Modern Methods in Responsive Front-end Development \u2013 1<\/a><\/h3>\r\n                        <p class=\"card-text\">Before diving into the details, let\u2019s introduce the concept of\u2026<\/p>\r\n                        <div class=\"card-link card-type-1\">\r\n                            <a href=\"https:\/\/tasarlab.com\/en\/modern-methods-in-responsive-front-end-development-1\/\"><span>Review in Detail<\/span>\r\n                                <img decoding=\"async\" src=\"\/wp-content\/themes\/tasarlab\/img\/Blog\/arrow-top-right.svg\" class=\"d-lg-inline-flex\" alt=\"\">\r\n                            <\/a>\r\n                        <\/div>\r\n                    <\/div>\r\n                <\/div>\r\n            <\/div>\r\n        \r\n            <div class=\"col-md-6 col-lg-4\">\r\n                <div class=\"card\">\r\n                    <div class=\"card-img\">\r\n                        <a href=\"https:\/\/tasarlab.com\/en\/10-frequently-preferred-google-fonts-and-their-features-in-design\/\"><img decoding=\"async\" src=\"https:\/\/tasarlab.com\/wp-content\/uploads\/2023\/03\/en-cok-kullanilan-10-google-font.png\" class=\"w-100 h-100\" alt=\"\"><\/a>\r\n                    <\/div>\r\n                    <div class=\"card-body\">\r\n                        <span class=\"card-info\">UI \/ UX<\/span>\r\n                        <h3 class=\"card-title\"><a href=\"https:\/\/tasarlab.com\/en\/10-frequently-preferred-google-fonts-and-their-features-in-design\/\">10 Frequently Preferred Google Fonts and Their Features in Design<\/a><\/h3>\r\n                        <p class=\"card-text\">Font choices can reveal a lot about the design you\u2026<\/p>\r\n                        <div class=\"card-link card-type-1\">\r\n                            <a href=\"https:\/\/tasarlab.com\/en\/10-frequently-preferred-google-fonts-and-their-features-in-design\/\"><span>Review in Detail<\/span>\r\n                                <img decoding=\"async\" src=\"\/wp-content\/themes\/tasarlab\/img\/Blog\/arrow-top-right.svg\" class=\"d-lg-inline-flex\" alt=\"\">\r\n                            <\/a>\r\n                        <\/div>\r\n                    <\/div>\r\n                <\/div>\r\n            <\/div>\r\n        \r\n            <div class=\"col-md-6 col-lg-4\">\r\n                <div class=\"card\">\r\n                    <div class=\"card-img\">\r\n                        <a href=\"https:\/\/tasarlab.com\/en\/modern-methods-for-adding-icons-in-html\/\"><img decoding=\"async\" src=\"https:\/\/tasarlab.com\/wp-content\/uploads\/2023\/03\/pexels-pixabay-256502-scaled-1.jpg\" class=\"w-100 h-100\" alt=\"\"><\/a>\r\n                    <\/div>\r\n                    <div class=\"card-body\">\r\n                        <span class=\"card-info\">Front-end<\/span>\r\n                        <h3 class=\"card-title\"><a href=\"https:\/\/tasarlab.com\/en\/modern-methods-for-adding-icons-in-html\/\">Modern Methods for Adding Icons in HTML<\/a><\/h3>\r\n                        <p class=\"card-text\">In recent years, the use of SVG (Scalable Vector Graphics)\u2026<\/p>\r\n                        <div class=\"card-link card-type-1\">\r\n                            <a href=\"https:\/\/tasarlab.com\/en\/modern-methods-for-adding-icons-in-html\/\"><span>Review in Detail<\/span>\r\n                                <img decoding=\"async\" src=\"\/wp-content\/themes\/tasarlab\/img\/Blog\/arrow-top-right.svg\" class=\"d-lg-inline-flex\" alt=\"\">\r\n                            <\/a>\r\n                        <\/div>\r\n                    <\/div>\r\n                <\/div>\r\n            <\/div>\r\n        \r\n                <ul class=\"m-0 p-0 blog-listing-bottom-nav\"><li><span aria-current=\"page\" class=\"page-numbers current\">1<\/span><\/li><li><a class=\"page-numbers\" href=\"https:\/\/tasarlab.com\/en\/wp-json\/wp\/v2\/pages\/3973\/page\/2\/\">2<\/a><\/li><li><a class=\"page-numbers\" href=\"https:\/\/tasarlab.com\/en\/wp-json\/wp\/v2\/pages\/3973\/page\/3\/\">3<\/a><\/li><li><a class=\"next page-numbers\" href=\"https:\/\/tasarlab.com\/en\/wp-json\/wp\/v2\/pages\/3973\/page\/2\/\">Sonraki<\/a><\/li><\/ul>\r\n            <\/div>\r\n        <\/div>\r\n    <\/section>\r\n    \n","protected":false},"excerpt":{"rendered":"Select Topic Content MarketingCorporate BlogFront-endUI \/ UXWordPressWordPress GutenbergWordPress SecurityWordPress Themes WordPress What Is Robots.txt and How Do You Use It? Robots.txt, web sitenizin arama motorlar\u0131 taraf\u0131ndan taranabilirli\u011fini ve indekslenmesini y\u00f6nlendiren&hellip; Review in Detail WordPress What Is a Sitemap? A sitemap is a file that lists a website\u2019s entire&hellip; Review in Detail WordPress 7 Most Popular [...]","protected":false},"author":1,"featured_media":0,"parent":0,"menu_order":0,"comment_status":"closed","ping_status":"closed","template":"","meta":{"_acf_changed":false,"footnotes":""},"class_list":["post-3973","page","type-page","status-publish","hentry"],"acf":[],"yoast_head":"<!-- This site is optimized with the Yoast SEO plugin v27.2 - https:\/\/yoast.com\/product\/yoast-seo-wordpress\/ -->\n<title>Blog - Tasarlab<\/title>\n<meta name=\"robots\" content=\"index, follow, max-snippet:-1, max-image-preview:large, max-video-preview:-1\" \/>\n<link rel=\"canonical\" href=\"https:\/\/tasarlab.com\/en\/blog\/\" \/>\n<meta property=\"og:locale\" content=\"en_US\" \/>\n<meta property=\"og:type\" content=\"article\" \/>\n<meta property=\"og:title\" content=\"Blog - Tasarlab\" \/>\n<meta property=\"og:url\" content=\"https:\/\/tasarlab.com\/en\/blog\/\" \/>\n<meta property=\"og:site_name\" content=\"Tasarlab\" \/>\n<meta property=\"article:publisher\" content=\"https:\/\/www.facebook.com\/tasarlab\/\" \/>\n<meta property=\"article:modified_time\" content=\"2024-09-23T12:37:49+00:00\" \/>\n<meta name=\"twitter:card\" content=\"summary_large_image\" \/>\n<meta name=\"twitter:site\" content=\"@tasarlabcom\" \/>\n<script type=\"application\/ld+json\" class=\"yoast-schema-graph\">{\"@context\":\"https:\/\/schema.org\",\"@graph\":[{\"@type\":\"WebPage\",\"@id\":\"https:\/\/tasarlab.com\/en\/blog\/\",\"url\":\"https:\/\/tasarlab.com\/en\/blog\/\",\"name\":\"Blog - Tasarlab\",\"isPartOf\":{\"@id\":\"https:\/\/tasarlab.com\/en\/#website\"},\"datePublished\":\"2024-07-30T08:32:40+00:00\",\"dateModified\":\"2024-09-23T12:37:49+00:00\",\"breadcrumb\":{\"@id\":\"https:\/\/tasarlab.com\/en\/blog\/#breadcrumb\"},\"inLanguage\":\"en-US\",\"potentialAction\":[{\"@type\":\"ReadAction\",\"target\":[\"https:\/\/tasarlab.com\/en\/blog\/\"]}]},{\"@type\":\"BreadcrumbList\",\"@id\":\"https:\/\/tasarlab.com\/en\/blog\/#breadcrumb\",\"itemListElement\":[{\"@type\":\"ListItem\",\"position\":1,\"name\":\"Anasayfa\",\"item\":\"https:\/\/tasarlab.com\/en\/\"},{\"@type\":\"ListItem\",\"position\":2,\"name\":\"Blog\"}]},{\"@type\":\"WebSite\",\"@id\":\"https:\/\/tasarlab.com\/en\/#website\",\"url\":\"https:\/\/tasarlab.com\/en\/\",\"name\":\"Tasarlab\",\"description\":\"\",\"publisher\":{\"@id\":\"https:\/\/tasarlab.com\/en\/#organization\"},\"potentialAction\":[{\"@type\":\"SearchAction\",\"target\":{\"@type\":\"EntryPoint\",\"urlTemplate\":\"https:\/\/tasarlab.com\/en\/?s={search_term_string}\"},\"query-input\":{\"@type\":\"PropertyValueSpecification\",\"valueRequired\":true,\"valueName\":\"search_term_string\"}}],\"inLanguage\":\"en-US\"},{\"@type\":\"Organization\",\"@id\":\"https:\/\/tasarlab.com\/en\/#organization\",\"name\":\"Tasarlab\",\"url\":\"https:\/\/tasarlab.com\/en\/\",\"logo\":{\"@type\":\"ImageObject\",\"inLanguage\":\"en-US\",\"@id\":\"https:\/\/tasarlab.com\/en\/#\/schema\/logo\/image\/\",\"url\":\"https:\/\/tasarlab.com\/wp-content\/uploads\/tasarlab-og-image.png\",\"contentUrl\":\"https:\/\/tasarlab.com\/wp-content\/uploads\/tasarlab-og-image.png\",\"width\":1200,\"height\":630,\"caption\":\"Tasarlab\"},\"image\":{\"@id\":\"https:\/\/tasarlab.com\/en\/#\/schema\/logo\/image\/\"},\"sameAs\":[\"https:\/\/www.facebook.com\/tasarlab\/\",\"https:\/\/x.com\/tasarlabcom\",\"https:\/\/tr.linkedin.com\/company\/tasarlab\"]}]}<\/script>\n<!-- \/ Yoast SEO plugin. -->","yoast_head_json":{"title":"Blog - Tasarlab","robots":{"index":"index","follow":"follow","max-snippet":"max-snippet:-1","max-image-preview":"max-image-preview:large","max-video-preview":"max-video-preview:-1"},"canonical":"https:\/\/tasarlab.com\/en\/blog\/","og_locale":"en_US","og_type":"article","og_title":"Blog - Tasarlab","og_url":"https:\/\/tasarlab.com\/en\/blog\/","og_site_name":"Tasarlab","article_publisher":"https:\/\/www.facebook.com\/tasarlab\/","article_modified_time":"2024-09-23T12:37:49+00:00","twitter_card":"summary_large_image","twitter_site":"@tasarlabcom","schema":{"@context":"https:\/\/schema.org","@graph":[{"@type":"WebPage","@id":"https:\/\/tasarlab.com\/en\/blog\/","url":"https:\/\/tasarlab.com\/en\/blog\/","name":"Blog - Tasarlab","isPartOf":{"@id":"https:\/\/tasarlab.com\/en\/#website"},"datePublished":"2024-07-30T08:32:40+00:00","dateModified":"2024-09-23T12:37:49+00:00","breadcrumb":{"@id":"https:\/\/tasarlab.com\/en\/blog\/#breadcrumb"},"inLanguage":"en-US","potentialAction":[{"@type":"ReadAction","target":["https:\/\/tasarlab.com\/en\/blog\/"]}]},{"@type":"BreadcrumbList","@id":"https:\/\/tasarlab.com\/en\/blog\/#breadcrumb","itemListElement":[{"@type":"ListItem","position":1,"name":"Anasayfa","item":"https:\/\/tasarlab.com\/en\/"},{"@type":"ListItem","position":2,"name":"Blog"}]},{"@type":"WebSite","@id":"https:\/\/tasarlab.com\/en\/#website","url":"https:\/\/tasarlab.com\/en\/","name":"Tasarlab","description":"","publisher":{"@id":"https:\/\/tasarlab.com\/en\/#organization"},"potentialAction":[{"@type":"SearchAction","target":{"@type":"EntryPoint","urlTemplate":"https:\/\/tasarlab.com\/en\/?s={search_term_string}"},"query-input":{"@type":"PropertyValueSpecification","valueRequired":true,"valueName":"search_term_string"}}],"inLanguage":"en-US"},{"@type":"Organization","@id":"https:\/\/tasarlab.com\/en\/#organization","name":"Tasarlab","url":"https:\/\/tasarlab.com\/en\/","logo":{"@type":"ImageObject","inLanguage":"en-US","@id":"https:\/\/tasarlab.com\/en\/#\/schema\/logo\/image\/","url":"https:\/\/tasarlab.com\/wp-content\/uploads\/tasarlab-og-image.png","contentUrl":"https:\/\/tasarlab.com\/wp-content\/uploads\/tasarlab-og-image.png","width":1200,"height":630,"caption":"Tasarlab"},"image":{"@id":"https:\/\/tasarlab.com\/en\/#\/schema\/logo\/image\/"},"sameAs":["https:\/\/www.facebook.com\/tasarlab\/","https:\/\/x.com\/tasarlabcom","https:\/\/tr.linkedin.com\/company\/tasarlab"]}]}},"_links":{"self":[{"href":"https:\/\/tasarlab.com\/en\/wp-json\/wp\/v2\/pages\/3973","targetHints":{"allow":["GET"]}}],"collection":[{"href":"https:\/\/tasarlab.com\/en\/wp-json\/wp\/v2\/pages"}],"about":[{"href":"https:\/\/tasarlab.com\/en\/wp-json\/wp\/v2\/types\/page"}],"author":[{"embeddable":true,"href":"https:\/\/tasarlab.com\/en\/wp-json\/wp\/v2\/users\/1"}],"replies":[{"embeddable":true,"href":"https:\/\/tasarlab.com\/en\/wp-json\/wp\/v2\/comments?post=3973"}],"version-history":[{"count":3,"href":"https:\/\/tasarlab.com\/en\/wp-json\/wp\/v2\/pages\/3973\/revisions"}],"predecessor-version":[{"id":4994,"href":"https:\/\/tasarlab.com\/en\/wp-json\/wp\/v2\/pages\/3973\/revisions\/4994"}],"wp:attachment":[{"href":"https:\/\/tasarlab.com\/en\/wp-json\/wp\/v2\/media?parent=3973"}],"curies":[{"name":"wp","href":"https:\/\/api.w.org\/{rel}","templated":true}]}}