{"id":3997,"date":"2024-08-05T11:23:09","date_gmt":"2024-08-05T11:23:09","guid":{"rendered":"https:\/\/stagingtasarlabv2.bootests.com\/wordpress\/"},"modified":"2024-09-16T10:44:05","modified_gmt":"2024-09-16T10:44:05","slug":"wordpress","status":"publish","type":"page","link":"https:\/\/tasarlab.com\/en\/blog\/wordpress\/","title":{"rendered":"WordPress"},"content":{"rendered":"\r\n    <section class=\"blog blog-listing-content\">\r\n        <div class=\"container\">\r\n            <div class=\"row dropdown\" id=\"dropdown\">\r\n                <div class=\"col-12 text-center\">\r\n                    <div class=\"dropdown\">\r\n                        <button class=\"dropdown-toggle\" type=\"button\" data-bs-toggle=\"dropdown\" aria-expanded=\"false\">\r\n                        Select Topic\r\n                        <\/button>\r\n                        <ul class=\"dropdown-menu\">\r\n                            <li><a class=\"dropdown-item\" href=\"https:\/\/tasarlab.com\/en\/content-marketing\/\">Content Marketing<\/a><\/li><li><a class=\"dropdown-item\" href=\"https:\/\/tasarlab.com\/en\/corporate-blogs\/\">Corporate Blog<\/a><\/li><li><a class=\"dropdown-item\" href=\"https:\/\/tasarlab.com\/en\/front-end\/\">Front-end<\/a><\/li><li><a class=\"dropdown-item\" href=\"https:\/\/tasarlab.com\/en\/ui-ux\/\">UI \/ UX<\/a><\/li><li><a class=\"dropdown-item\" href=\"https:\/\/tasarlab.com\/en\/wordpress\/\">WordPress<\/a><\/li><li><a class=\"dropdown-item\" href=\"https:\/\/tasarlab.com\/en\/wordpress-gutenberg\/\">WordPress Gutenberg<\/a><\/li><li><a class=\"dropdown-item\" href=\"https:\/\/tasarlab.com\/en\/wordpress-security\/\">WordPress Security<\/a><\/li><li><a class=\"dropdown-item\" href=\"https:\/\/tasarlab.com\/en\/wordpress-themes\/\">WordPress Themes<\/a><\/li>\r\n                        <\/ul>\r\n                    <\/div>\r\n                <\/div>\r\n            <\/div>\r\n            <div class=\"row gx-3 gy-40\">\r\n                \r\n            <div class=\"col-md-6 col-lg-4\">\r\n                <div class=\"card\">\r\n                    <div class=\"card-img\">\r\n                        <a href=\"https:\/\/tasarlab.com\/en\/what-is-robots-txt-and-how-do-you-use-it\/\"><img decoding=\"async\" src=\"https:\/\/tasarlab.com\/wp-content\/uploads\/2023\/11\/robots-txt-image-1.webp\" class=\"w-100 h-100\" alt=\"\"><\/a>\r\n                    <\/div>\r\n                    <div class=\"card-body\">\r\n                        <span class=\"card-info\">WordPress<\/span>\r\n                        <h3 class=\"card-title\"><a href=\"https:\/\/tasarlab.com\/en\/what-is-robots-txt-and-how-do-you-use-it\/\">What Is Robots.txt and How Do You Use It?<\/a><\/h3>\r\n                        <p class=\"card-text\">Robots.txt, web sitenizin arama motorlar\u0131 taraf\u0131ndan taranabilirli\u011fini ve indekslenmesini y\u00f6nlendiren bir metin dosyas\u0131d\u0131r. <\/p>\r\n                        <div class=\"card-link card-type-1\">\r\n                            <a href=\"https:\/\/tasarlab.com\/en\/what-is-robots-txt-and-how-do-you-use-it\/\"><span>Review in Detail<\/span>\r\n                                <img decoding=\"async\" src=\"\/wp-content\/themes\/tasarlab\/img\/Blog\/arrow-top-right.svg\" class=\"d-lg-inline-flex\" alt=\"\">\r\n                            <\/a>\r\n                        <\/div>\r\n                    <\/div>\r\n                <\/div>\r\n            <\/div>\r\n        \r\n            <div class=\"col-md-6 col-lg-4\">\r\n                <div class=\"card\">\r\n                    <div class=\"card-img\">\r\n                        <a href=\"https:\/\/tasarlab.com\/en\/what-is-a-sitemap\/\"><img decoding=\"async\" src=\"https:\/\/tasarlab.com\/wp-content\/uploads\/2023\/11\/site-haritasi-sitemap-nedir-1.webp\" class=\"w-100 h-100\" alt=\"\"><\/a>\r\n                    <\/div>\r\n                    <div class=\"card-body\">\r\n                        <span class=\"card-info\">WordPress<\/span>\r\n                        <h3 class=\"card-title\"><a href=\"https:\/\/tasarlab.com\/en\/what-is-a-sitemap\/\">What Is a Sitemap?<\/a><\/h3>\r\n                        <p class=\"card-text\">A sitemap is a file that lists a website\u2019s entire structure and content and provides this information to search engines. It is typically in XML format but can sometimes be in HTML. Sitemaps help search engines better understand and index your website\u2019s content and notify them about updates and changes. Why Are Sitemaps Important? Guidance [\u2026]<\/p>\r\n                        <div class=\"card-link card-type-1\">\r\n                            <a href=\"https:\/\/tasarlab.com\/en\/what-is-a-sitemap\/\"><span>Review in Detail<\/span>\r\n                                <img decoding=\"async\" src=\"\/wp-content\/themes\/tasarlab\/img\/Blog\/arrow-top-right.svg\" class=\"d-lg-inline-flex\" alt=\"\">\r\n                            <\/a>\r\n                        <\/div>\r\n                    <\/div>\r\n                <\/div>\r\n            <\/div>\r\n        \r\n            <div class=\"col-md-6 col-lg-4\">\r\n                <div class=\"card\">\r\n                    <div class=\"card-img\">\r\n                        <a href=\"https:\/\/tasarlab.com\/en\/7-most-popular-seo-plugins-of-2023\/\"><img decoding=\"async\" src=\"https:\/\/tasarlab.com\/wp-content\/uploads\/2023\/10\/en-cok-kullanilan-7-seo-eklentisi-img.webp\" class=\"w-100 h-100\" alt=\"\"><\/a>\r\n                    <\/div>\r\n                    <div class=\"card-body\">\r\n                        <span class=\"card-info\">WordPress<\/span>\r\n                        <h3 class=\"card-title\"><a href=\"https:\/\/tasarlab.com\/en\/7-most-popular-seo-plugins-of-2023\/\">7 Most Popular SEO Plugins of 2023<\/a><\/h3>\r\n                        <p class=\"card-text\">SEO (Search Engine Optimization) is a set of technical and strategic processes to improve search engines\u2019 understanding of your website and help it rank higher in search results. The primary goal of SEO is to increase your website\u2019s visibility in organic search results for the targeted keywords or topics. Keywords: The foundation of SEO involves [\u2026]<\/p>\r\n                        <div class=\"card-link card-type-1\">\r\n                            <a href=\"https:\/\/tasarlab.com\/en\/7-most-popular-seo-plugins-of-2023\/\"><span>Review in Detail<\/span>\r\n                                <img decoding=\"async\" src=\"\/wp-content\/themes\/tasarlab\/img\/Blog\/arrow-top-right.svg\" class=\"d-lg-inline-flex\" alt=\"\">\r\n                            <\/a>\r\n                        <\/div>\r\n                    <\/div>\r\n                <\/div>\r\n            <\/div>\r\n        \r\n            <div class=\"col-md-6 col-lg-4\">\r\n                <div class=\"card\">\r\n                    <div class=\"card-img\">\r\n                        <a href=\"https:\/\/tasarlab.com\/en\/sitemap-xml-issue-and-solution\/\"><img decoding=\"async\" src=\"https:\/\/tasarlab.com\/wp-content\/uploads\/2023\/08\/sitemap-xml-img.jpg\" class=\"w-100 h-100\" alt=\"\"><\/a>\r\n                    <\/div>\r\n                    <div class=\"card-body\">\r\n                        <span class=\"card-info\">WordPress<\/span>\r\n                        <h3 class=\"card-title\"><a href=\"https:\/\/tasarlab.com\/en\/sitemap-xml-issue-and-solution\/\">Sitemap.xml Issue and Solution<\/a><\/h3>\r\n                        <p class=\"card-text\">What is a Sitemap? A sitemap is a critical tool that systematically lists all the pages of a website, allowing search engines to gain comprehensive information about each page\u2019s content, associated links, and structural layout. This file is fundamental in optimizing the search engine\u2019s process of discovering the website while enhancing the user experience. Sitemaps [\u2026]<\/p>\r\n                        <div class=\"card-link card-type-1\">\r\n                            <a href=\"https:\/\/tasarlab.com\/en\/sitemap-xml-issue-and-solution\/\"><span>Review in Detail<\/span>\r\n                                <img decoding=\"async\" src=\"\/wp-content\/themes\/tasarlab\/img\/Blog\/arrow-top-right.svg\" class=\"d-lg-inline-flex\" alt=\"\">\r\n                            <\/a>\r\n                        <\/div>\r\n                    <\/div>\r\n                <\/div>\r\n            <\/div>\r\n        \r\n            <div class=\"col-md-6 col-lg-4\">\r\n                <div class=\"card\">\r\n                    <div class=\"card-img\">\r\n                        <a href=\"https:\/\/tasarlab.com\/en\/wordpress-5-5-comes-with-the-latest-jquery-version\/\"><img decoding=\"async\" src=\"https:\/\/tasarlab.com\/wp-content\/uploads\/2020\/07\/wordpress_5-5_jquery_update_nasil_yapilir.png\" class=\"w-100 h-100\" alt=\"\"><\/a>\r\n                    <\/div>\r\n                    <div class=\"card-body\">\r\n                        <span class=\"card-info\">WordPress<\/span>\r\n                        <h3 class=\"card-title\"><a href=\"https:\/\/tasarlab.com\/en\/wordpress-5-5-comes-with-the-latest-jquery-version\/\">WordPress 5.5 Comes with the Latest jQuery Version<\/a><\/h3>\r\n                        <p class=\"card-text\">As we all know, WordPress has been using jQuery version 1.2.14 for years. While this provides the advantage of maintaining backward compatibility, plugins and themes compatible with later versions of jQuery either require a migration process or demand other solutions to resolve conflicts. WordPress users had been holding their breath and waiting for an update [\u2026]<\/p>\r\n                        <div class=\"card-link card-type-1\">\r\n                            <a href=\"https:\/\/tasarlab.com\/en\/wordpress-5-5-comes-with-the-latest-jquery-version\/\"><span>Review in Detail<\/span>\r\n                                <img decoding=\"async\" src=\"\/wp-content\/themes\/tasarlab\/img\/Blog\/arrow-top-right.svg\" class=\"d-lg-inline-flex\" alt=\"\">\r\n                            <\/a>\r\n                        <\/div>\r\n                    <\/div>\r\n                <\/div>\r\n            <\/div>\r\n        \r\n            <div class=\"col-md-6 col-lg-4\">\r\n                <div class=\"card\">\r\n                    <div class=\"card-img\">\r\n                        <a href=\"https:\/\/tasarlab.com\/en\/top-10-most-frequently-asked-questions-about-wordpress\/\"><img decoding=\"async\" src=\"https:\/\/tasarlab.com\/wp-content\/uploads\/2020\/06\/wordpress-hakkinda-en-cok-sorulan-10-soru-images-1.jpg\" class=\"w-100 h-100\" alt=\"\"><\/a>\r\n                    <\/div>\r\n                    <div class=\"card-body\">\r\n                        <span class=\"card-info\">WordPress<\/span>\r\n                        <h3 class=\"card-title\"><a href=\"https:\/\/tasarlab.com\/en\/top-10-most-frequently-asked-questions-about-wordpress\/\">Top 10 Most Frequently Asked Questions About WordPress<\/a><\/h3>\r\n                        <p class=\"card-text\">WordPress is currently the world\u2019s most widely used content management system (CMS). It is a versatile platform that can be used for various purposes, from creating a simple personal blog to developing advanced corporate and e-commerce websites. If you\u2019re new to WordPress and have questions about it, we\u2019ve compiled a list of the most frequently [\u2026]<\/p>\r\n                        <div class=\"card-link card-type-1\">\r\n                            <a href=\"https:\/\/tasarlab.com\/en\/top-10-most-frequently-asked-questions-about-wordpress\/\"><span>Review in Detail<\/span>\r\n                                <img decoding=\"async\" src=\"\/wp-content\/themes\/tasarlab\/img\/Blog\/arrow-top-right.svg\" class=\"d-lg-inline-flex\" alt=\"\">\r\n                            <\/a>\r\n                        <\/div>\r\n                    <\/div>\r\n                <\/div>\r\n            <\/div>\r\n        \r\n                \r\n            <\/div>\r\n        <\/div>\r\n    <\/section>\r\n    \n","protected":false},"excerpt":{"rendered":"Select Topic Content MarketingCorporate BlogFront-endUI \/ UXWordPressWordPress GutenbergWordPress SecurityWordPress Themes WordPress What Is Robots.txt and How Do You Use It? Robots.txt, web sitenizin arama motorlar\u0131 taraf\u0131ndan taranabilirli\u011fini ve indekslenmesini y\u00f6nlendiren bir metin dosyas\u0131d\u0131r. Review in Detail WordPress What Is a Sitemap? A sitemap is a file that lists a website\u2019s entire structure and content and [...]","protected":false},"author":1,"featured_media":0,"parent":3973,"menu_order":0,"comment_status":"closed","ping_status":"closed","template":"","meta":{"_acf_changed":false,"footnotes":""},"class_list":["post-3997","page","type-page","status-publish","hentry"],"acf":[],"yoast_head":"<!-- This site is optimized with the Yoast SEO plugin v27.2 - https:\/\/yoast.com\/product\/yoast-seo-wordpress\/ -->\n<title>WordPress - Tasarlab<\/title>\n<meta name=\"robots\" content=\"index, follow, max-snippet:-1, max-image-preview:large, max-video-preview:-1\" \/>\n<link rel=\"canonical\" href=\"https:\/\/tasarlab.com\/en\/blog\/wordpress\/\" \/>\n<meta property=\"og:locale\" content=\"en_US\" \/>\n<meta property=\"og:type\" content=\"article\" \/>\n<meta property=\"og:title\" content=\"WordPress - Tasarlab\" \/>\n<meta property=\"og:url\" content=\"https:\/\/tasarlab.com\/en\/blog\/wordpress\/\" \/>\n<meta property=\"og:site_name\" content=\"Tasarlab\" \/>\n<meta property=\"article:publisher\" content=\"https:\/\/www.facebook.com\/tasarlab\/\" \/>\n<meta property=\"article:modified_time\" content=\"2024-09-16T10:44:05+00:00\" \/>\n<meta name=\"twitter:card\" content=\"summary_large_image\" \/>\n<meta name=\"twitter:site\" content=\"@tasarlabcom\" \/>\n<script type=\"application\/ld+json\" class=\"yoast-schema-graph\">{\"@context\":\"https:\/\/schema.org\",\"@graph\":[{\"@type\":\"WebPage\",\"@id\":\"https:\/\/tasarlab.com\/en\/blog\/wordpress\/\",\"url\":\"https:\/\/tasarlab.com\/en\/blog\/wordpress\/\",\"name\":\"WordPress - Tasarlab\",\"isPartOf\":{\"@id\":\"https:\/\/tasarlab.com\/en\/#website\"},\"datePublished\":\"2024-08-05T11:23:09+00:00\",\"dateModified\":\"2024-09-16T10:44:05+00:00\",\"breadcrumb\":{\"@id\":\"https:\/\/tasarlab.com\/en\/blog\/wordpress\/#breadcrumb\"},\"inLanguage\":\"en-US\",\"potentialAction\":[{\"@type\":\"ReadAction\",\"target\":[\"https:\/\/tasarlab.com\/en\/blog\/wordpress\/\"]}]},{\"@type\":\"BreadcrumbList\",\"@id\":\"https:\/\/tasarlab.com\/en\/blog\/wordpress\/#breadcrumb\",\"itemListElement\":[{\"@type\":\"ListItem\",\"position\":1,\"name\":\"Anasayfa\",\"item\":\"https:\/\/tasarlab.com\/en\/\"},{\"@type\":\"ListItem\",\"position\":2,\"name\":\"Blog\",\"item\":\"https:\/\/tasarlab.com\/en\/blog\/\"},{\"@type\":\"ListItem\",\"position\":3,\"name\":\"WordPress\"}]},{\"@type\":\"WebSite\",\"@id\":\"https:\/\/tasarlab.com\/en\/#website\",\"url\":\"https:\/\/tasarlab.com\/en\/\",\"name\":\"Tasarlab\",\"description\":\"\",\"publisher\":{\"@id\":\"https:\/\/tasarlab.com\/en\/#organization\"},\"potentialAction\":[{\"@type\":\"SearchAction\",\"target\":{\"@type\":\"EntryPoint\",\"urlTemplate\":\"https:\/\/tasarlab.com\/en\/?s={search_term_string}\"},\"query-input\":{\"@type\":\"PropertyValueSpecification\",\"valueRequired\":true,\"valueName\":\"search_term_string\"}}],\"inLanguage\":\"en-US\"},{\"@type\":\"Organization\",\"@id\":\"https:\/\/tasarlab.com\/en\/#organization\",\"name\":\"Tasarlab\",\"url\":\"https:\/\/tasarlab.com\/en\/\",\"logo\":{\"@type\":\"ImageObject\",\"inLanguage\":\"en-US\",\"@id\":\"https:\/\/tasarlab.com\/en\/#\/schema\/logo\/image\/\",\"url\":\"https:\/\/tasarlab.com\/wp-content\/uploads\/tasarlab-og-image.png\",\"contentUrl\":\"https:\/\/tasarlab.com\/wp-content\/uploads\/tasarlab-og-image.png\",\"width\":1200,\"height\":630,\"caption\":\"Tasarlab\"},\"image\":{\"@id\":\"https:\/\/tasarlab.com\/en\/#\/schema\/logo\/image\/\"},\"sameAs\":[\"https:\/\/www.facebook.com\/tasarlab\/\",\"https:\/\/x.com\/tasarlabcom\",\"https:\/\/tr.linkedin.com\/company\/tasarlab\"]}]}<\/script>\n<!-- \/ Yoast SEO plugin. -->","yoast_head_json":{"title":"WordPress - Tasarlab","robots":{"index":"index","follow":"follow","max-snippet":"max-snippet:-1","max-image-preview":"max-image-preview:large","max-video-preview":"max-video-preview:-1"},"canonical":"https:\/\/tasarlab.com\/en\/blog\/wordpress\/","og_locale":"en_US","og_type":"article","og_title":"WordPress - Tasarlab","og_url":"https:\/\/tasarlab.com\/en\/blog\/wordpress\/","og_site_name":"Tasarlab","article_publisher":"https:\/\/www.facebook.com\/tasarlab\/","article_modified_time":"2024-09-16T10:44:05+00:00","twitter_card":"summary_large_image","twitter_site":"@tasarlabcom","schema":{"@context":"https:\/\/schema.org","@graph":[{"@type":"WebPage","@id":"https:\/\/tasarlab.com\/en\/blog\/wordpress\/","url":"https:\/\/tasarlab.com\/en\/blog\/wordpress\/","name":"WordPress - Tasarlab","isPartOf":{"@id":"https:\/\/tasarlab.com\/en\/#website"},"datePublished":"2024-08-05T11:23:09+00:00","dateModified":"2024-09-16T10:44:05+00:00","breadcrumb":{"@id":"https:\/\/tasarlab.com\/en\/blog\/wordpress\/#breadcrumb"},"inLanguage":"en-US","potentialAction":[{"@type":"ReadAction","target":["https:\/\/tasarlab.com\/en\/blog\/wordpress\/"]}]},{"@type":"BreadcrumbList","@id":"https:\/\/tasarlab.com\/en\/blog\/wordpress\/#breadcrumb","itemListElement":[{"@type":"ListItem","position":1,"name":"Anasayfa","item":"https:\/\/tasarlab.com\/en\/"},{"@type":"ListItem","position":2,"name":"Blog","item":"https:\/\/tasarlab.com\/en\/blog\/"},{"@type":"ListItem","position":3,"name":"WordPress"}]},{"@type":"WebSite","@id":"https:\/\/tasarlab.com\/en\/#website","url":"https:\/\/tasarlab.com\/en\/","name":"Tasarlab","description":"","publisher":{"@id":"https:\/\/tasarlab.com\/en\/#organization"},"potentialAction":[{"@type":"SearchAction","target":{"@type":"EntryPoint","urlTemplate":"https:\/\/tasarlab.com\/en\/?s={search_term_string}"},"query-input":{"@type":"PropertyValueSpecification","valueRequired":true,"valueName":"search_term_string"}}],"inLanguage":"en-US"},{"@type":"Organization","@id":"https:\/\/tasarlab.com\/en\/#organization","name":"Tasarlab","url":"https:\/\/tasarlab.com\/en\/","logo":{"@type":"ImageObject","inLanguage":"en-US","@id":"https:\/\/tasarlab.com\/en\/#\/schema\/logo\/image\/","url":"https:\/\/tasarlab.com\/wp-content\/uploads\/tasarlab-og-image.png","contentUrl":"https:\/\/tasarlab.com\/wp-content\/uploads\/tasarlab-og-image.png","width":1200,"height":630,"caption":"Tasarlab"},"image":{"@id":"https:\/\/tasarlab.com\/en\/#\/schema\/logo\/image\/"},"sameAs":["https:\/\/www.facebook.com\/tasarlab\/","https:\/\/x.com\/tasarlabcom","https:\/\/tr.linkedin.com\/company\/tasarlab"]}]}},"_links":{"self":[{"href":"https:\/\/tasarlab.com\/en\/wp-json\/wp\/v2\/pages\/3997","targetHints":{"allow":["GET"]}}],"collection":[{"href":"https:\/\/tasarlab.com\/en\/wp-json\/wp\/v2\/pages"}],"about":[{"href":"https:\/\/tasarlab.com\/en\/wp-json\/wp\/v2\/types\/page"}],"author":[{"embeddable":true,"href":"https:\/\/tasarlab.com\/en\/wp-json\/wp\/v2\/users\/1"}],"replies":[{"embeddable":true,"href":"https:\/\/tasarlab.com\/en\/wp-json\/wp\/v2\/comments?post=3997"}],"version-history":[{"count":1,"href":"https:\/\/tasarlab.com\/en\/wp-json\/wp\/v2\/pages\/3997\/revisions"}],"predecessor-version":[{"id":3998,"href":"https:\/\/tasarlab.com\/en\/wp-json\/wp\/v2\/pages\/3997\/revisions\/3998"}],"up":[{"embeddable":true,"href":"https:\/\/tasarlab.com\/en\/wp-json\/wp\/v2\/pages\/3973"}],"wp:attachment":[{"href":"https:\/\/tasarlab.com\/en\/wp-json\/wp\/v2\/media?parent=3997"}],"curies":[{"name":"wp","href":"https:\/\/api.w.org\/{rel}","templated":true}]}}